{"id":2,"date":"2023-10-07T15:19:01","date_gmt":"2023-10-07T15:19:01","guid":{"rendered":"https:\/\/blogs.fediscience.org\/leben-und-geld\/?page_id=2"},"modified":"2023-11-19T09:35:36","modified_gmt":"2023-11-19T09:35:36","slug":"about","status":"publish","type":"page","link":"https:\/\/blogs.fediscience.org\/leben-und-geld\/about\/","title":{"rendered":"Leben und Geld: \u00dcber das Blog"},"content":{"rendered":"\n<p>Dieses Blog besch\u00e4ftigt sich mit dem Zusammenhang von Geld und Leben. Und mit anderen Dingen, die mit dem einen oder anderen zu tun haben. Also so ziemlich mit allem.<\/p>\n\n\n\n<p>Wer schreibt hier: <a href=\"http:\/\/www.josephkuhn.de\/\">Joseph Kuhn<\/a>, Gesundheitswissenschaftler<\/p>\n\n\n\n<p>Netiquette: Erw\u00fcnscht ist in den Kommentaren eine konstruktive Diskussion. Sie darf gerne kritisch sein, auch polemisch, wenn die Polemik durch Argumente gedeckt ist. Beleidigende, rassistische oder sexistische Kommentare gelten jedoch nicht als Ausdruck einer diskursbereichernden Meinungsfreiheit. Solche Kommentare werden im Regelfall gel\u00f6scht und wer es partout nicht lassen kann, sich so zu pr\u00e4sentieren, ist persona non grata und wird auch so behandelt und gesperrt, zeitweise auf Bew\u00e4hrung, oder dauerhaft, je nach Resozialisierungsaussichten. <\/p>\n\n\n\n<p>Technische R\u00fcckfragen oder Fragen zur Strukter der Plattform Fediscience allgemein: Bitte an die Administration richten.<\/p>\n\n\n\n<p><em>Das Profilbild ist ein Blick \u00fcber Berlin im Herbst 2023 &#8211; ein Blick \u00fcber Leben und Geld sozusagen.<\/em><\/p>\n","protected":false},"excerpt":{"rendered":"<p>Dieses Blog besch\u00e4ftigt sich mit dem Zusammenhang von Geld und Leben. Und mit anderen Dingen, die mit dem einen oder anderen zu tun haben. Also [&hellip;]<\/p>\n","protected":false},"author":6,"featured_media":51,"parent":0,"menu_order":0,"comment_status":"closed","ping_status":"closed","template":"","meta":{"footnotes":""},"class_list":["post-2","page","type-page","status-publish","has-post-thumbnail","hentry"],"_links":{"self":[{"href":"https:\/\/blogs.fediscience.org\/leben-und-geld\/wp-json\/wp\/v2\/pages\/2","targetHints":{"allow":["GET"]}}],"collection":[{"href":"https:\/\/blogs.fediscience.org\/leben-und-geld\/wp-json\/wp\/v2\/pages"}],"about":[{"href":"https:\/\/blogs.fediscience.org\/leben-und-geld\/wp-json\/wp\/v2\/types\/page"}],"author":[{"embeddable":true,"href":"https:\/\/blogs.fediscience.org\/leben-und-geld\/wp-json\/wp\/v2\/users\/6"}],"replies":[{"embeddable":true,"href":"https:\/\/blogs.fediscience.org\/leben-und-geld\/wp-json\/wp\/v2\/comments?post=2"}],"version-history":[{"count":7,"href":"https:\/\/blogs.fediscience.org\/leben-und-geld\/wp-json\/wp\/v2\/pages\/2\/revisions"}],"predecessor-version":[{"id":53,"href":"https:\/\/blogs.fediscience.org\/leben-und-geld\/wp-json\/wp\/v2\/pages\/2\/revisions\/53"}],"wp:featuredmedia":[{"embeddable":true,"href":"https:\/\/blogs.fediscience.org\/leben-und-geld\/wp-json\/wp\/v2\/media\/51"}],"wp:attachment":[{"href":"https:\/\/blogs.fediscience.org\/leben-und-geld\/wp-json\/wp\/v2\/media?parent=2"}],"curies":[{"name":"wp","href":"https:\/\/api.w.org\/{rel}","templated":true}]}}