{"id":12,"date":"2023-03-05T14:14:54","date_gmt":"2023-03-05T14:14:54","guid":{"rendered":"https:\/\/blogs.fediscience.org\/rupture-de-catenaire\/?page_id=12"},"modified":"2023-10-07T14:41:18","modified_gmt":"2023-10-07T14:41:18","slug":"ueber-das-blog-about-this-blog","status":"publish","type":"page","link":"https:\/\/blogs.fediscience.org\/rupture-de-catenaire\/ueber-das-blog-about-this-blog\/","title":{"rendered":"\u00dcber das Blog \/ About this Blog"},"content":{"rendered":"\n<h2 class=\"wp-block-heading\">Inhalte \/ Contents<\/h2>\n\n\n\n<p>Bei <em>rupture de cat\u00e9naire<\/em> geht es um Bemerkenswertes zu universit\u00e4rer Lehre, Bioinformatik und Umweltthemen \u2013 aus Sicht des Lehrers und der Anwenderunterst\u00fctzung. Forschungsergebnisse, Softwarepublikationen, schlechter Code, eigenartige Ver\u00f6ffentlichungen, gewagte Behauptungen und Universit\u00e4tspolitik stehen im Mittelpunkt. Aber auch andere Themen werden nicht verschm\u00e4ht &#8230;<\/p>\n\n\n\n<p class=\"has-text-align-right\">rupture de cat\u00e9naire is about remarkable things in campus life, bioinformatics, teaching and environmental issues. Research results, software publications, bad code, peculiar publications, daring claims and university politics are in the blogs&#8217;s focus. Other topics are not spurned either \u2026<\/p>\n\n\n\n<h2 class=\"wp-block-heading\">Kommentare \/ Comments<\/h2>\n\n\n\n<p>Ein Blog lebt von (guten) Kommentaren und spannenden Diskussionen. Ich freue mich auch \u00fcber Lob und konstruktive Kritik. Was ich als klugen Kommentar empfinde, entscheide ich selber &#8211; wie andere Leser auch. Ich w\u00fcnsche mir vor allem eine spannende Diskussion.<\/p>\n\n\n\n<p class=\"has-text-align-right\">A blog lives from (good) comments and exciting discussions. I welcome praise and constructive criticism. I decide for myself what I consider to be a clever comment &#8211; just like other readers. Above all, I hope for exciting discussions.<\/p>\n\n\n\n<p>Hingewiesen sei darauf, dass ich Kommentare, die erkennbar derailen oder schlicht trollen, auch mal l\u00f6sche, einfach so. Insbesondere rassistische, nazistische und anderweitig bewusst provozierende Kommentare werden hier keinen Platz haben. Trollkommentare k\u00f6nnen devokalisiert werden und bei entsprechender (leider h\u00e4ufig zu erwartender) Hartn\u00e4ckigkeit auch gel\u00f6scht werden.<\/p>\n\n\n\n<p class=\"has-text-align-right\">I would like to point out that I sometimes delete comments that are clearly derailing or simply trolling, just like that. In particular, racist, Nazi and otherwise deliberately provocative comments will have no place here. Troll comments can be de-vocalised and, if they are persistent (which is often to be expected), deleted.<\/p>\n\n\n\n<p>Kommentare k\u00f6nnen mitunter in der &#8222;Moderationsqueue&#8220; landen und m\u00fcssen warten, bis sie freigeschaltet werden. Das kann mitunter dauern, da der Blog privat gepflegt wird (Familie und Arbeit gehen vor). Die Moderationsqueue dient zur Vermeidung von Spam und ist so im Interesse aller.<\/p>\n\n\n\n<p class=\"has-text-align-right\">Comments can sometimes end up in the &#8222;moderation queue&#8220; and have to wait until they are cleared. This can sometimes take time, as the blog is maintained privately (family and work come first). The moderation queue serves to avoid spam and is therefore in everyone&#8217;s interest.<\/p>\n\n\n\n<h2 class=\"wp-block-heading\">Kontakt \/ Contact<\/h2>\n\n\n\n<p>Bei administrativen Fragen zum Blog <em>rupture de cat\u00e9naire <\/em>oder dem Wunsch einen Gastartikel zu verfassen: rupturedecatenaire (at) posteo.de .<\/p>\n\n\n\n<p>For administrative questions about the blog rupture de cat\u00e9naire or the wish to write a guest article: rupturedecatenaire (at) posteo.de .<\/p>\n","protected":false},"excerpt":{"rendered":"<p>Inhalte \/ Contents Bei rupture de cat\u00e9naire geht es um Bemerkenswertes zu universit\u00e4rer Lehre, Bioinformatik und Umweltthemen \u2013 aus Sicht des Lehrers und der Anwenderunterst\u00fctzung. [&hellip;]<\/p>\n","protected":false},"author":2,"featured_media":0,"parent":0,"menu_order":0,"comment_status":"closed","ping_status":"closed","template":"","meta":{"footnotes":""},"class_list":["post-12","page","type-page","status-publish","hentry"],"_links":{"self":[{"href":"https:\/\/blogs.fediscience.org\/rupture-de-catenaire\/wp-json\/wp\/v2\/pages\/12","targetHints":{"allow":["GET"]}}],"collection":[{"href":"https:\/\/blogs.fediscience.org\/rupture-de-catenaire\/wp-json\/wp\/v2\/pages"}],"about":[{"href":"https:\/\/blogs.fediscience.org\/rupture-de-catenaire\/wp-json\/wp\/v2\/types\/page"}],"author":[{"embeddable":true,"href":"https:\/\/blogs.fediscience.org\/rupture-de-catenaire\/wp-json\/wp\/v2\/users\/2"}],"replies":[{"embeddable":true,"href":"https:\/\/blogs.fediscience.org\/rupture-de-catenaire\/wp-json\/wp\/v2\/comments?post=12"}],"version-history":[{"count":3,"href":"https:\/\/blogs.fediscience.org\/rupture-de-catenaire\/wp-json\/wp\/v2\/pages\/12\/revisions"}],"predecessor-version":[{"id":123,"href":"https:\/\/blogs.fediscience.org\/rupture-de-catenaire\/wp-json\/wp\/v2\/pages\/12\/revisions\/123"}],"wp:attachment":[{"href":"https:\/\/blogs.fediscience.org\/rupture-de-catenaire\/wp-json\/wp\/v2\/media?parent=12"}],"curies":[{"name":"wp","href":"https:\/\/api.w.org\/{rel}","templated":true}]}}